{"id":1352,"date":"2020-05-13T09:41:05","date_gmt":"2020-05-13T07:41:05","guid":{"rendered":"http:\/\/olgagomezortiz.es\/?page_id=1352"},"modified":"2020-06-03T20:57:02","modified_gmt":"2020-06-03T18:57:02","slug":"proyectos_de_transferencia","status":"publish","type":"page","link":"https:\/\/olgagomezortiz.es\/?page_id=1352","title":{"rendered":"Proyectos de Transferencia"},"content":{"rendered":"\t\t<div data-elementor-type=\"wp-page\" data-elementor-id=\"1352\" class=\"elementor elementor-1352\">\n\t\t\t\t\t\t\t\t\t<section class=\"elementor-section elementor-top-section elementor-element elementor-element-d017ff2 elementor-section-boxed elementor-section-height-default elementor-section-height-default\" data-id=\"d017ff2\" data-element_type=\"section\">\n\t\t\t\t\t\t<div class=\"elementor-container elementor-column-gap-default\">\n\t\t\t\t\t<div class=\"elementor-column elementor-col-100 elementor-top-column elementor-element elementor-element-4518beb\" data-id=\"4518beb\" data-element_type=\"column\">\n\t\t\t<div class=\"elementor-widget-wrap elementor-element-populated\">\n\t\t\t\t\t\t\t\t<div class=\"elementor-element elementor-element-1312130 elementor-widget elementor-widget-text-editor\" data-id=\"1312130\" data-element_type=\"widget\" data-widget_type=\"text-editor.default\">\n\t\t\t\t<div class=\"elementor-widget-container\">\n\t\t\t\t\t\t\t<ol><li>EL IMPACTO EMOCIONAL DE LA PARENTALIDAD EN LA SOCIEDAD ACTUAL: AN\u00c1LISIS DE LAS VARIABLES PSICOSOCIALES MODERADORAS Y SUS EFECTOS. Proyecto Uco Social Innova del Plan Propio Galileo de Innovaci\u00f3n y Transferencia de la Universidad de C\u00f3rdoba. La investigadora principal es <strong>Olga G\u00f3mez-Ortiz. <\/strong>Fecha inicio: 01\/07\/2019. Fecha finalizaci\u00f3n: 30\/12\/2020.<\/li><\/ol><ol start=\"2\"><li><a href=\"https:\/\/investigacion.us.es\/sisius\/sis_proyecto.php?idproy=31924\" target=\"_blank\" rel=\"noopener\">EVALUACI\u00d3N DEL PROGRAMA DE TRATAMIENTO A FAMILIAS CON MENORES DE ANDALUC\u00cdA. UN ESTUDIO DEL PROCESO DE IMPLEMENTACI\u00d3N Y AN\u00c1LISIS DE SU EFICACIA Y EFICIENCIA<\/a>\u00a0(3773\/0842). Subvenci\u00f3n excepcional concedida por la Consejer\u00eda de Igualdad, Pol\u00edticas Sociales y Conciliaci\u00f3n. Servicio de Prevenci\u00f3n y Apoyo Familiar. Junta de Andaluc\u00eda. La investigadora principal es M\u00aa Victoria Hidalgo Garc\u00eda (Universidad de Sevilla). Fecha inicio: 30\/12\/2019. Fecha finalizaci\u00f3n: 30\/08\/2021. Cuant\u00eda subvenci\u00f3n: 3.000 \u20ac.<\/li><\/ol><ol start=\"3\"><li><a href=\"http:\/\/olgagomezortiz.es\/wp-content\/gallery\/Imagen1.jpg\" target=\"_blank\" rel=\"noopener\">FORMACI\u00d3N PARA FAMILIAS: &#8220;LA EDUCACI\u00d3N FAMILIAR DEL SIGLO XXI. \u00bfC\u00d3MO GESTIONAR LA DISCIPLINA EN UN HOGAR POSITIVO?\u00a0<\/a>Contrato firmado al amparo del art\u00edculo 83 de la Ley Org\u00e1nica 6\/2001 de 21 de diciembre, de Universidades, establecido con el Ayuntamiento de Espejo y el Colegio Brit\u00e1nico de C\u00f3rdoba. La investigadora principal es <strong>Olga G\u00f3mez-Ortiz. <\/strong>Fecha inicio: 11\/02\/2019. Fecha finalizaci\u00f3n: 31\/03\/2019.<\/li><\/ol><ol start=\"4\"><li><a href=\"https:\/\/www.sciencedirect.com\/science\/article\/pii\/S0145213418303119?casa_token=4EmKounrpbEAAAAA:Xvu4PBCFtHziAmWPYlMV0PGzTHLP-mQOR7UZqDu2Anc66V8070-VdTuOC_poC-tD5I45oOEF8OjW\" target=\"_blank\" rel=\"noopener\">IMPACTO DEL ACOSO ESCOLAR EN EL BIENESTAR DE LOS ADOLESCENTES. UN ESTUDIO TRANSNACIONAL.<\/a>\u00a0Proyecto Uco Social Innova del Plan Propio Galileo de Innovaci\u00f3n y Transferencia de la Universidad de C\u00f3rdoba. La investigadora principal es Eva M. Romera F\u00e9lix. Fecha inicio: 01\/07\/2018. Fecha finalizaci\u00f3n: 30\/06\/2019.<\/li><\/ol><ol start=\"5\"><li><a href=\"https:\/\/www.laecovi.com\/nuestra-investigaci%C3%B3n\/cuestionarios\/\" target=\"_blank\" rel=\"noopener\">EVALUACI\u00d3N DEL BULLYING Y EL CIBERBULLYING EN LOS CENTROS EDUCATIVOS MEDIANTE DIAGN\u00d3STICO ONLINE.<\/a>\u00a0Proyecto Uco Social Innova del Plan Propio Galileo de Innovaci\u00f3n y Transferencia de la Universidad de C\u00f3rdoba. El investigador principal es Juan Calmaestra Vill\u00e9n. Fecha inicio: 01\/07\/2017. Fecha finalizaci\u00f3n: 30\/06\/2018. Cuant\u00eda subvenci\u00f3n: 3.000 \u20ac.<\/li><\/ol><ol start=\"6\"><li><a href=\"file:\/\/\/C:\/Users\/Olga\/Downloads\/Dialnet-ElProgramaConRedUnaPracticaBasadaEnLaEvidencia-4014434_2.pdf\" target=\"_blank\" rel=\"noopener\">CIBERCONVIVENCIA: EL PROGRAMA CONRED. REALIZACI\u00d3N DE MATERIALES DID\u00c1CTICOS PARA LA PREVENCI\u00d3N DEL ACOSO Y EL CIBERACOSO<\/a>\u00a0(12017258). Investigador Principal: Jos\u00e9 Antonio Casas Bola\u00f1os (Universidad de C\u00f3rdoba). Empresa o entidad: Consejer\u00eda de Educaci\u00f3n. Junta de Andaluc\u00eda. Fecha inicio: 22\/12\/2017. Fecha finalizaci\u00f3n: 22\/04\/2018. Cuant\u00eda subvenci\u00f3n: 21.000 \u20ac.<\/li><\/ol><ol start=\"7\"><li><a href=\"https:\/\/www.researchgate.net\/project\/Estudio-de-la-competencia-para-la-gestion-de-la-vida-social-y-su-estabilidad-en-estudiantes-de-primaria-y-secundaria-de-Andalucia\" target=\"_blank\" rel=\"noopener\">ESTUDIO DE LA COMPETENCIA PARA LA GESTI\u00d3N DE LA VIDA SOCIAL Y SU ESTABILIDAD EN ESTUDIANTES DE PRIMARIA Y SECUNDARIA DE ANDALUC\u00cdA<\/a>\u00a0(PRY040\/14). Investigadora Principal: Eva Mar\u00eda Romera F\u00e9lix (Universidad de C\u00f3rdoba). Empresa o entidad: Fundaci\u00f3n P\u00fablica Andaluza Centro de Estudios Andaluces. Fecha inicio: 17\/12\/2014. Fecha finalizaci\u00f3n: 30\/08\/2016. Cuant\u00eda subvenci\u00f3n: 30.000 \u20ac.<\/li><\/ol>\t\t\t\t\t\t<\/div>\n\t\t\t\t<\/div>\n\t\t\t\t\t<\/div>\n\t\t<\/div>\n\t\t\t\t\t\t\t<\/div>\n\t\t<\/section>\n\t\t\t\t\t\t\t<\/div>\n\t\t<!-- AddThis Advanced Settings generic via filter on the_content --><!-- AddThis Share Buttons generic via filter on the_content -->","protected":false},"excerpt":{"rendered":"<p>EL IMPACTO EMOCIONAL DE LA PARENTALIDAD EN LA SOCIEDAD ACTUAL: AN\u00c1LISIS DE LAS VARIABLES PSICOSOCIALES MODERADORAS Y SUS EFECTOS. Proyecto Uco Social Innova del Plan Propio Galileo de Innovaci\u00f3n y Transferencia de la Universidad de C\u00f3rdoba. La investigadora principal es Olga G\u00f3mez-Ortiz. Fecha inicio: 01\/07\/2019. Fecha finalizaci\u00f3n: 30\/12\/2020. EVALUACI\u00d3N DEL PROGRAMA DE TRATAMIENTO A FAMILIAS [&hellip;]<!-- AddThis Advanced Settings generic via filter on get_the_excerpt --><!-- AddThis Share Buttons generic via filter on get_the_excerpt --><\/p>\n","protected":false},"author":1,"featured_media":0,"parent":613,"menu_order":1,"comment_status":"closed","ping_status":"closed","template":"","meta":{"zakra_sidebar_layout":"customizer","zakra_remove_content_margin":false,"zakra_sidebar":"customizer","zakra_transparent_header":"customizer","zakra_logo":0,"zakra_main_header_style":"default","zakra_menu_item_color":"","zakra_menu_item_hover_color":"","zakra_menu_item_active_color":"","zakra_menu_active_style":"zakra_menu_active_style","zakra_page_header":true,"ngg_post_thumbnail":0,"footnotes":""},"class_list":["post-1352","page","type-page","status-publish","hentry"],"_links":{"self":[{"href":"https:\/\/olgagomezortiz.es\/index.php?rest_route=\/wp\/v2\/pages\/1352","targetHints":{"allow":["GET"]}}],"collection":[{"href":"https:\/\/olgagomezortiz.es\/index.php?rest_route=\/wp\/v2\/pages"}],"about":[{"href":"https:\/\/olgagomezortiz.es\/index.php?rest_route=\/wp\/v2\/types\/page"}],"author":[{"embeddable":true,"href":"https:\/\/olgagomezortiz.es\/index.php?rest_route=\/wp\/v2\/users\/1"}],"replies":[{"embeddable":true,"href":"https:\/\/olgagomezortiz.es\/index.php?rest_route=%2Fwp%2Fv2%2Fcomments&post=1352"}],"version-history":[{"count":8,"href":"https:\/\/olgagomezortiz.es\/index.php?rest_route=\/wp\/v2\/pages\/1352\/revisions"}],"predecessor-version":[{"id":1844,"href":"https:\/\/olgagomezortiz.es\/index.php?rest_route=\/wp\/v2\/pages\/1352\/revisions\/1844"}],"up":[{"embeddable":true,"href":"https:\/\/olgagomezortiz.es\/index.php?rest_route=\/wp\/v2\/pages\/613"}],"wp:attachment":[{"href":"https:\/\/olgagomezortiz.es\/index.php?rest_route=%2Fwp%2Fv2%2Fmedia&parent=1352"}],"curies":[{"name":"wp","href":"https:\/\/api.w.org\/{rel}","templated":true}]}}