{"id":1361,"date":"2020-05-13T10:23:13","date_gmt":"2020-05-13T08:23:13","guid":{"rendered":"http:\/\/olgagomezortiz.es\/?page_id=1361"},"modified":"2023-12-11T14:32:00","modified_gmt":"2023-12-11T13:32:00","slug":"divulgacion_cientificas","status":"publish","type":"page","link":"https:\/\/olgagomezortiz.es\/?page_id=1361","title":{"rendered":"Divulgaci\u00f3n cient\u00edfica"},"content":{"rendered":"\t\t<div data-elementor-type=\"wp-page\" data-elementor-id=\"1361\" class=\"elementor elementor-1361\">\n\t\t\t\t\t\t\t\t\t<section class=\"elementor-section elementor-top-section elementor-element elementor-element-3f3ba47 elementor-section-boxed elementor-section-height-default elementor-section-height-default\" data-id=\"3f3ba47\" data-element_type=\"section\">\n\t\t\t\t\t\t<div class=\"elementor-container elementor-column-gap-default\">\n\t\t\t\t\t<div class=\"elementor-column elementor-col-100 elementor-top-column elementor-element elementor-element-10d84c3\" data-id=\"10d84c3\" data-element_type=\"column\">\n\t\t\t<div class=\"elementor-widget-wrap elementor-element-populated\">\n\t\t\t\t\t\t\t\t<div class=\"elementor-element elementor-element-6cadf68 elementor-widget-divider--view-line elementor-widget elementor-widget-divider\" data-id=\"6cadf68\" data-element_type=\"widget\" data-widget_type=\"divider.default\">\n\t\t\t\t<div class=\"elementor-widget-container\">\n\t\t\t\t\t<div class=\"elementor-divider\">\n\t\t\t<span class=\"elementor-divider-separator\">\n\t\t\t\t\t\t<\/span>\n\t\t<\/div>\n\t\t\t\t<\/div>\n\t\t\t\t<\/div>\n\t\t\t\t\t<\/div>\n\t\t<\/div>\n\t\t\t\t\t\t\t<\/div>\n\t\t<\/section>\n\t\t\t\t<section class=\"elementor-section elementor-top-section elementor-element elementor-element-1cb01aa6 elementor-section-boxed elementor-section-height-default elementor-section-height-default\" data-id=\"1cb01aa6\" data-element_type=\"section\">\n\t\t\t\t\t\t<div class=\"elementor-container elementor-column-gap-default\">\n\t\t\t\t\t<div class=\"elementor-column elementor-col-100 elementor-top-column elementor-element elementor-element-1ad58f\" data-id=\"1ad58f\" data-element_type=\"column\">\n\t\t\t<div class=\"elementor-widget-wrap elementor-element-populated\">\n\t\t\t\t\t\t\t\t<div class=\"elementor-element elementor-element-66b693d9 elementor-widget elementor-widget-text-editor\" data-id=\"66b693d9\" data-element_type=\"widget\" data-widget_type=\"text-editor.default\">\n\t\t\t\t<div class=\"elementor-widget-container\">\n\t\t\t\t\t\t\t<p>G\u00f3mez-Ortiz, O., Romera, E. M., Luque-Gonz\u00e1lez, R., Camacho, A., Rold\u00e1n-Barrios, A., Ortiz, M. &amp; Ortega-Ruiz, R. (2023). Ense\u00f1ar tambi\u00e9n es fortalecer las capacidades socioemocionales. <em>The Conversation. <\/em><a href=\"https:\/\/theconversation.com\/ensenar-tambien-es-fortalecer-las-capacidades-socioemocionales-208421\">https:\/\/theconversation.com\/ensenar-tambien-es-fortalecer-las-capacidades-socioemocionales-208421<\/a><\/p><p>G\u00f3mez-Ortiz, O. (2019). Revista de feria de Espejo. \u00bfC\u00f3mo educar en el siglo XXI? La gesti\u00f3n de la disciplina en un hogar positivo. Una experiencia de trabajo con nuestras familias y profesorado. Click <a href=\"http:\/\/olgagomezortiz.es\/wp-content\/documentos\/revista_feria.pdf\">aqu\u00ed<\/a> para ver el art\u00edculo<\/p><p>Del Rey, R., Romera, E. M., Casas, J. A., G\u00f3mez-Ortiz, O., &amp; Ortega-Ruiz, R. (2019). C\u00f3mo trabajar la ciberconvivencia en el aula. <em>The Conversation. <\/em><a href=\"https:\/\/theconversation.com\/como-trabajar-la-ciberconvivencia-en-el-aula-117378?fbclid=IwAR3zUNHKOigy3xVBlq_6iTMHhqLWrcBMb-__Edz5d1WhMqmP-RCNdNE8zaw\">https:\/\/theconversation.com\/como-trabajar-la-ciberconvivencia-en-el-aula-117378?fbclid=IwAR3zUNHKOigy3xVBlq_6iTMHhqLWrcBMb-__Edz5d1WhMqmP-RCNdNE8zaw<\/a><\/p><p>G\u00f3mez-Ortiz, O. (2016). Bullying: el acoso entre escolares. Idesqbre: Revista de divulgaci\u00f3n cient\u00edfica, 2, 26-30. <a href=\"https:\/\/idescubre.fundaciondescubre.es\/revista\/bullying-el-acoso-entre-escolares\/\">https:\/\/idescubre.fundaciondescubre.es\/revista\/bullying-el-acoso-entre-escolares\/<\/a><\/p><p>Ortega, R. y G\u00f3mez-Ortiz, O. (2013). Familia y escuela ante problemas sociales de chicos y chicas: el impacto del estilo parental en el riesgo de acoso escolar. Dec\u00e1polis, Revista de experiencias educadoras. Monogr\u00e1fico de escuela y familia, 2, diciembre (pp. 10-14).<\/p>\t\t\t\t\t\t<\/div>\n\t\t\t\t<\/div>\n\t\t\t\t\t<\/div>\n\t\t<\/div>\n\t\t\t\t\t\t\t<\/div>\n\t\t<\/section>\n\t\t\t\t\t\t\t<\/div>\n\t\t<!-- AddThis Advanced Settings generic via filter on the_content --><!-- AddThis Share Buttons generic via filter on the_content -->","protected":false},"excerpt":{"rendered":"<p>G\u00f3mez-Ortiz, O., Romera, E. M., Luque-Gonz\u00e1lez, R., Camacho, A., Rold\u00e1n-Barrios, A., Ortiz, M. &amp; Ortega-Ruiz, R. (2023). Ense\u00f1ar tambi\u00e9n es fortalecer las capacidades socioemocionales. The Conversation. https:\/\/theconversation.com\/ensenar-tambien-es-fortalecer-las-capacidades-socioemocionales-208421 G\u00f3mez-Ortiz, O. (2019). Revista de feria de Espejo. \u00bfC\u00f3mo educar en el siglo XXI? La gesti\u00f3n de la disciplina en un hogar positivo. Una experiencia de trabajo con [&hellip;]<!-- AddThis Advanced Settings generic via filter on get_the_excerpt --><!-- AddThis Share Buttons generic via filter on get_the_excerpt --><\/p>\n","protected":false},"author":1,"featured_media":0,"parent":0,"menu_order":0,"comment_status":"closed","ping_status":"closed","template":"","meta":{"zakra_sidebar_layout":"customizer","zakra_remove_content_margin":false,"zakra_sidebar":"customizer","zakra_transparent_header":"customizer","zakra_logo":0,"zakra_main_header_style":"default","zakra_menu_item_color":"","zakra_menu_item_hover_color":"","zakra_menu_item_active_color":"","zakra_menu_active_style":"zakra_menu_active_style","zakra_page_header":true,"ngg_post_thumbnail":0,"footnotes":""},"class_list":["post-1361","page","type-page","status-publish","hentry"],"_links":{"self":[{"href":"https:\/\/olgagomezortiz.es\/index.php?rest_route=\/wp\/v2\/pages\/1361","targetHints":{"allow":["GET"]}}],"collection":[{"href":"https:\/\/olgagomezortiz.es\/index.php?rest_route=\/wp\/v2\/pages"}],"about":[{"href":"https:\/\/olgagomezortiz.es\/index.php?rest_route=\/wp\/v2\/types\/page"}],"author":[{"embeddable":true,"href":"https:\/\/olgagomezortiz.es\/index.php?rest_route=\/wp\/v2\/users\/1"}],"replies":[{"embeddable":true,"href":"https:\/\/olgagomezortiz.es\/index.php?rest_route=%2Fwp%2Fv2%2Fcomments&post=1361"}],"version-history":[{"count":12,"href":"https:\/\/olgagomezortiz.es\/index.php?rest_route=\/wp\/v2\/pages\/1361\/revisions"}],"predecessor-version":[{"id":2243,"href":"https:\/\/olgagomezortiz.es\/index.php?rest_route=\/wp\/v2\/pages\/1361\/revisions\/2243"}],"wp:attachment":[{"href":"https:\/\/olgagomezortiz.es\/index.php?rest_route=%2Fwp%2Fv2%2Fmedia&parent=1361"}],"curies":[{"name":"wp","href":"https:\/\/api.w.org\/{rel}","templated":true}]}}