{"id":1427,"date":"2020-05-31T08:50:54","date_gmt":"2020-05-31T06:50:54","guid":{"rendered":"http:\/\/olgagomezortiz.es\/?page_id=1427"},"modified":"2020-06-14T17:36:19","modified_gmt":"2020-06-14T15:36:19","slug":"investigacion","status":"publish","type":"page","link":"https:\/\/olgagomezortiz.es\/?page_id=1427","title":{"rendered":"Investigaci\u00f3n"},"content":{"rendered":"\t\t<div data-elementor-type=\"wp-page\" data-elementor-id=\"1427\" class=\"elementor elementor-1427\">\n\t\t\t\t\t\t\t\t\t<section class=\"elementor-section elementor-top-section elementor-element elementor-element-9598892 elementor-section-boxed elementor-section-height-default elementor-section-height-default\" data-id=\"9598892\" data-element_type=\"section\">\n\t\t\t\t\t\t<div class=\"elementor-container elementor-column-gap-default\">\n\t\t\t\t\t<div class=\"elementor-column elementor-col-25 elementor-top-column elementor-element elementor-element-93de4cc\" data-id=\"93de4cc\" data-element_type=\"column\">\n\t\t\t<div class=\"elementor-widget-wrap elementor-element-populated\">\n\t\t\t\t\t\t\t\t<div class=\"elementor-element elementor-element-38fb982 animated-slow elementor-invisible elementor-widget elementor-widget-image\" data-id=\"38fb982\" data-element_type=\"widget\" data-settings=\"{&quot;_animation&quot;:&quot;fadeIn&quot;}\" data-widget_type=\"image.default\">\n\t\t\t\t<div class=\"elementor-widget-container\">\n\t\t\t\t\t\t\t\t\t\t\t\t<figure class=\"wp-caption\">\n\t\t\t\t\t\t\t\t\t\t\t<a href=\"http:\/\/olgagomezortiz.es\/?page_id=1389\">\n\t\t\t\t\t\t\t<img fetchpriority=\"high\" decoding=\"async\" width=\"812\" height=\"542\" src=\"https:\/\/olgagomezortiz.es\/wp-content\/uploads\/2020\/06\/1.1.-art\u00edculos.jpg\" class=\"elementor-animation-shrink attachment-large size-large wp-image-2042\" alt=\"\" srcset=\"https:\/\/olgagomezortiz.es\/wp-content\/uploads\/2020\/06\/1.1.-art\u00edculos.jpg 1024w, https:\/\/olgagomezortiz.es\/wp-content\/uploads\/2020\/06\/1.1.-art\u00edculos-300x200.jpg 300w, https:\/\/olgagomezortiz.es\/wp-content\/uploads\/2020\/06\/1.1.-art\u00edculos-768x512.jpg 768w\" sizes=\"(max-width: 812px) 100vw, 812px\" \/>\t\t\t\t\t\t\t\t<\/a>\n\t\t\t\t\t\t\t\t\t\t\t<figcaption class=\"widget-image-caption wp-caption-text\">Art\u00edculos cient\u00edficos<\/figcaption>\n\t\t\t\t\t\t\t\t\t\t<\/figure>\n\t\t\t\t\t\t\t\t\t<\/div>\n\t\t\t\t<\/div>\n\t\t\t\t\t<\/div>\n\t\t<\/div>\n\t\t\t\t<div class=\"elementor-column elementor-col-25 elementor-top-column elementor-element elementor-element-60467ea\" data-id=\"60467ea\" data-element_type=\"column\">\n\t\t\t<div class=\"elementor-widget-wrap elementor-element-populated\">\n\t\t\t\t\t\t\t\t<div class=\"elementor-element elementor-element-32124ca animated-slow elementor-invisible elementor-widget elementor-widget-image\" data-id=\"32124ca\" data-element_type=\"widget\" data-settings=\"{&quot;_animation&quot;:&quot;fadeIn&quot;}\" data-widget_type=\"image.default\">\n\t\t\t\t<div class=\"elementor-widget-container\">\n\t\t\t\t\t\t\t\t\t\t\t\t<figure class=\"wp-caption\">\n\t\t\t\t\t\t\t\t\t\t\t<a href=\"http:\/\/olgagomezortiz.es\/?page_id=1388\">\n\t\t\t\t\t\t\t<img decoding=\"async\" width=\"812\" height=\"572\" src=\"https:\/\/olgagomezortiz.es\/wp-content\/uploads\/2020\/06\/1.2.Cap\u00edtulos-libro.jpg\" class=\"elementor-animation-shrink attachment-large size-large wp-image-2028\" alt=\"\" srcset=\"https:\/\/olgagomezortiz.es\/wp-content\/uploads\/2020\/06\/1.2.Cap\u00edtulos-libro.jpg 1024w, https:\/\/olgagomezortiz.es\/wp-content\/uploads\/2020\/06\/1.2.Cap\u00edtulos-libro-300x211.jpg 300w, https:\/\/olgagomezortiz.es\/wp-content\/uploads\/2020\/06\/1.2.Cap\u00edtulos-libro-768x541.jpg 768w\" sizes=\"(max-width: 812px) 100vw, 812px\" \/>\t\t\t\t\t\t\t\t<\/a>\n\t\t\t\t\t\t\t\t\t\t\t<figcaption class=\"widget-image-caption wp-caption-text\">Cap\u00edtulos de libro<\/figcaption>\n\t\t\t\t\t\t\t\t\t\t<\/figure>\n\t\t\t\t\t\t\t\t\t<\/div>\n\t\t\t\t<\/div>\n\t\t\t\t\t<\/div>\n\t\t<\/div>\n\t\t\t\t<div class=\"elementor-column elementor-col-25 elementor-top-column elementor-element elementor-element-957d2b4\" data-id=\"957d2b4\" data-element_type=\"column\">\n\t\t\t<div class=\"elementor-widget-wrap elementor-element-populated\">\n\t\t\t\t\t\t\t\t<div class=\"elementor-element elementor-element-8222036 animated-slow elementor-invisible elementor-widget elementor-widget-image\" data-id=\"8222036\" data-element_type=\"widget\" data-settings=\"{&quot;_animation&quot;:&quot;fadeIn&quot;}\" data-widget_type=\"image.default\">\n\t\t\t\t<div class=\"elementor-widget-container\">\n\t\t\t\t\t\t\t\t\t\t\t\t<figure class=\"wp-caption\">\n\t\t\t\t\t\t\t\t\t\t\t<a href=\"http:\/\/olgagomezortiz.es\/?page_id=1370\">\n\t\t\t\t\t\t\t<img decoding=\"async\" width=\"812\" height=\"542\" src=\"https:\/\/olgagomezortiz.es\/wp-content\/uploads\/2020\/06\/1.3.Proyectos.jpg\" class=\"elementor-animation-shrink attachment-large size-large wp-image-2029\" alt=\"\" srcset=\"https:\/\/olgagomezortiz.es\/wp-content\/uploads\/2020\/06\/1.3.Proyectos.jpg 1024w, https:\/\/olgagomezortiz.es\/wp-content\/uploads\/2020\/06\/1.3.Proyectos-300x200.jpg 300w, https:\/\/olgagomezortiz.es\/wp-content\/uploads\/2020\/06\/1.3.Proyectos-768x512.jpg 768w\" sizes=\"(max-width: 812px) 100vw, 812px\" \/>\t\t\t\t\t\t\t\t<\/a>\n\t\t\t\t\t\t\t\t\t\t\t<figcaption class=\"widget-image-caption wp-caption-text\">Proyectos de investigaci\u00f3n<\/figcaption>\n\t\t\t\t\t\t\t\t\t\t<\/figure>\n\t\t\t\t\t\t\t\t\t<\/div>\n\t\t\t\t<\/div>\n\t\t\t\t\t<\/div>\n\t\t<\/div>\n\t\t\t\t<div class=\"elementor-column elementor-col-25 elementor-top-column elementor-element elementor-element-a265a41\" data-id=\"a265a41\" data-element_type=\"column\">\n\t\t\t<div class=\"elementor-widget-wrap elementor-element-populated\">\n\t\t\t\t\t\t\t\t<div class=\"elementor-element elementor-element-c3074dc animated-slow elementor-invisible elementor-widget elementor-widget-image\" data-id=\"c3074dc\" data-element_type=\"widget\" data-settings=\"{&quot;_animation&quot;:&quot;fadeIn&quot;}\" data-widget_type=\"image.default\">\n\t\t\t\t<div class=\"elementor-widget-container\">\n\t\t\t\t\t\t\t\t\t\t\t\t<figure class=\"wp-caption\">\n\t\t\t\t\t\t\t\t\t\t\t<a href=\"http:\/\/olgagomezortiz.es\/?page_id=1369\">\n\t\t\t\t\t\t\t<img loading=\"lazy\" decoding=\"async\" width=\"812\" height=\"542\" src=\"https:\/\/olgagomezortiz.es\/wp-content\/uploads\/2020\/06\/1.4.Sup-estud.jpg\" class=\"elementor-animation-shrink attachment-large size-large wp-image-2030\" alt=\"\" srcset=\"https:\/\/olgagomezortiz.es\/wp-content\/uploads\/2020\/06\/1.4.Sup-estud.jpg 1024w, https:\/\/olgagomezortiz.es\/wp-content\/uploads\/2020\/06\/1.4.Sup-estud-300x200.jpg 300w, https:\/\/olgagomezortiz.es\/wp-content\/uploads\/2020\/06\/1.4.Sup-estud-768x512.jpg 768w\" sizes=\"(max-width: 812px) 100vw, 812px\" \/>\t\t\t\t\t\t\t\t<\/a>\n\t\t\t\t\t\t\t\t\t\t\t<figcaption class=\"widget-image-caption wp-caption-text\">Supervisi\u00f3n de estudiantes<\/figcaption>\n\t\t\t\t\t\t\t\t\t\t<\/figure>\n\t\t\t\t\t\t\t\t\t<\/div>\n\t\t\t\t<\/div>\n\t\t\t\t\t<\/div>\n\t\t<\/div>\n\t\t\t\t\t\t\t<\/div>\n\t\t<\/section>\n\t\t\t\t<section class=\"elementor-section elementor-top-section elementor-element elementor-element-65a0e66 elementor-section-boxed elementor-section-height-default elementor-section-height-default\" data-id=\"65a0e66\" data-element_type=\"section\">\n\t\t\t\t\t\t<div class=\"elementor-container elementor-column-gap-default\">\n\t\t\t\t\t<div class=\"elementor-column elementor-col-100 elementor-top-column elementor-element elementor-element-81c369c\" data-id=\"81c369c\" data-element_type=\"column\">\n\t\t\t<div class=\"elementor-widget-wrap elementor-element-populated\">\n\t\t\t\t\t\t\t\t<div class=\"elementor-element elementor-element-e0bcb20 elementor-widget elementor-widget-text-editor\" data-id=\"e0bcb20\" data-element_type=\"widget\" data-widget_type=\"text-editor.default\">\n\t\t\t\t<div class=\"elementor-widget-container\">\n\t\t\t\t\t\t\t<p>En esta secci\u00f3n podr\u00e1s acceder a mis publicaciones cient\u00edficas (art\u00edculos revisados por pares\u00a0y\u00a0cap\u00edtulos de libro) y conocer los\u00a0proyectos obtenidos en concurrencia competitiva\u00a0en los que estoy participando o he participado<a href=\"http:\/\/olgagomezortiz.es\/?page_id=1370\" target=\"_blank\" rel=\"noopener\">,\u00a0<\/a><span style=\"background-color: #ffffff;\">as\u00ed como los\u00a0<\/span>trabajos de investigaci\u00f3n que he tutorizado<span style=\"background-color: #ffffff;\">.<\/span><\/p>\t\t\t\t\t\t<\/div>\n\t\t\t\t<\/div>\n\t\t\t\t\t<\/div>\n\t\t<\/div>\n\t\t\t\t\t\t\t<\/div>\n\t\t<\/section>\n\t\t\t\t\t\t\t<\/div>\n\t\t<!-- AddThis Advanced Settings generic via filter on the_content --><!-- AddThis Share Buttons generic via filter on the_content -->","protected":false},"excerpt":{"rendered":"<p>Art\u00edculos cient\u00edficos Cap\u00edtulos de libro Proyectos de investigaci\u00f3n Supervisi\u00f3n de estudiantes En esta secci\u00f3n podr\u00e1s acceder a mis publicaciones cient\u00edficas (art\u00edculos revisados por pares\u00a0y\u00a0cap\u00edtulos de libro) y conocer los\u00a0proyectos obtenidos en concurrencia competitiva\u00a0en los que estoy participando o he participado,\u00a0as\u00ed como los\u00a0trabajos de investigaci\u00f3n que he tutorizado.<!-- AddThis Advanced Settings generic via filter on get_the_excerpt --><!-- AddThis Share Buttons generic via filter on get_the_excerpt --><\/p>\n","protected":false},"author":1,"featured_media":0,"parent":0,"menu_order":0,"comment_status":"closed","ping_status":"closed","template":"","meta":{"zakra_sidebar_layout":"customizer","zakra_remove_content_margin":false,"zakra_sidebar":"customizer","zakra_transparent_header":"customizer","zakra_logo":0,"zakra_main_header_style":"default","zakra_menu_item_color":"","zakra_menu_item_hover_color":"","zakra_menu_item_active_color":"","zakra_menu_active_style":"zakra_menu_active_style","zakra_page_header":true,"ngg_post_thumbnail":0,"footnotes":""},"class_list":["post-1427","page","type-page","status-publish","hentry"],"_links":{"self":[{"href":"https:\/\/olgagomezortiz.es\/index.php?rest_route=\/wp\/v2\/pages\/1427","targetHints":{"allow":["GET"]}}],"collection":[{"href":"https:\/\/olgagomezortiz.es\/index.php?rest_route=\/wp\/v2\/pages"}],"about":[{"href":"https:\/\/olgagomezortiz.es\/index.php?rest_route=\/wp\/v2\/types\/page"}],"author":[{"embeddable":true,"href":"https:\/\/olgagomezortiz.es\/index.php?rest_route=\/wp\/v2\/users\/1"}],"replies":[{"embeddable":true,"href":"https:\/\/olgagomezortiz.es\/index.php?rest_route=%2Fwp%2Fv2%2Fcomments&post=1427"}],"version-history":[{"count":31,"href":"https:\/\/olgagomezortiz.es\/index.php?rest_route=\/wp\/v2\/pages\/1427\/revisions"}],"predecessor-version":[{"id":2081,"href":"https:\/\/olgagomezortiz.es\/index.php?rest_route=\/wp\/v2\/pages\/1427\/revisions\/2081"}],"wp:attachment":[{"href":"https:\/\/olgagomezortiz.es\/index.php?rest_route=%2Fwp%2Fv2%2Fmedia&parent=1427"}],"curies":[{"name":"wp","href":"https:\/\/api.w.org\/{rel}","templated":true}]}}